{"id":8140,"date":"2024-10-09T17:14:07","date_gmt":"2024-10-09T15:14:07","guid":{"rendered":"https:\/\/opalsymphony.com\/boutique\/brilliant-koroit-opal-brisbane-necklace\/"},"modified":"2024-10-09T17:14:07","modified_gmt":"2024-10-09T15:14:07","slug":"brilliant-koroit-opal-brisbane-necklace","status":"publish","type":"product","link":"https:\/\/opalsymphony.com\/en\/store\/brilliant-koroit-opal-brisbane-necklace\/","title":{"rendered":"Brilliant Koroit opal Brisbane necklace"},"content":{"rendered":"<p>Natural Australian Koroit opal cabochon (14.7cts). Iridescent blue on a caramel matrix with lemon-yellow interlacing, it is set in a peyote weave with Miyuki D\u00e9licas glass beads, seed beads and round Turquoise beads. Rope link chain, b\u00e9li\u00e8re and clasp in 14k gold filled (rolled gold 585\/1000). Necklace length 413 mm.   <\/p>\n","protected":false},"excerpt":{"rendered":"<p>Natural Australian Koroit opal cabochon (14.7cts). Iridescent blue on a caramel matrix with lemon-yellow interlacing, it is set in a peyote weave with Miyuki D\u00e9licas glass beads, seed beads and round Turquoise beads. Rope link chain, b\u00e9li\u00e8re and clasp in 14k gold filled (rolled gold 585\/1000). Necklace length 413 mm.<\/p>\n","protected":false},"featured_media":8104,"template":"","meta":{"_acf_changed":false},"product_brand":[],"product_cat":[102,149,150],"product_tag":[],"class_list":{"0":"post-8140","1":"product","2":"type-product","3":"status-publish","4":"has-post-thumbnail","6":"product_cat-australian-koroit-opal","7":"product_cat-jewelry-creations","8":"product_cat-tissages-de-tiss-me-en","9":"pa_couleur-principale-blue","10":"pa_couleur-principale-green","11":"pa_forme-cabochon-en","12":"pa_forme-oval","13":"pa_mine-koroit","14":"pa_origine-geographique-australia","16":"first","17":"instock","18":"sold-individually","19":"shipping-taxable","20":"purchasable","21":"product-type-simple"},"acf":[],"yoast_head":"<!-- This site is optimized with the Yoast SEO plugin v27.5 - https:\/\/yoast.com\/product\/yoast-seo-wordpress\/ -->\n<title>Brilliant Koroit opal Brisbane necklace - Opal SYMPHONY<\/title>\n<meta name=\"robots\" content=\"index, follow, max-snippet:-1, max-image-preview:large, max-video-preview:-1\" \/>\n<link rel=\"canonical\" href=\"https:\/\/opalsymphony.com\/en\/store\/brilliant-koroit-opal-brisbane-necklace\/\" \/>\n<meta property=\"og:locale\" content=\"en_US\" \/>\n<meta property=\"og:type\" content=\"article\" \/>\n<meta property=\"og:title\" content=\"Brilliant Koroit opal Brisbane necklace - Opal SYMPHONY\" \/>\n<meta property=\"og:description\" content=\"Natural Australian Koroit opal cabochon (14.7cts). Iridescent blue on a caramel matrix with lemon-yellow interlacing, it is set in a peyote weave with Miyuki D\u00e9licas glass beads, seed beads and round Turquoise beads. Rope link chain, b\u00e9li\u00e8re and clasp in 14k gold filled (rolled gold 585\/1000). Necklace length 413 mm.\" \/>\n<meta property=\"og:url\" content=\"https:\/\/opalsymphony.com\/en\/store\/brilliant-koroit-opal-brisbane-necklace\/\" \/>\n<meta property=\"og:site_name\" content=\"Opal SYMPHONY\" \/>\n<meta property=\"og:image\" content=\"https:\/\/opalsymphony.com\/wp-content\/uploads\/2024\/10\/jacinta_DSC5925rect2-KOR10-004-Oman.png\" \/>\n\t<meta property=\"og:image:width\" content=\"1200\" \/>\n\t<meta property=\"og:image:height\" content=\"1500\" \/>\n\t<meta property=\"og:image:type\" content=\"image\/png\" \/>\n<script type=\"application\/ld+json\" class=\"yoast-schema-graph\">{\"@context\":\"https:\\\/\\\/schema.org\",\"@graph\":[{\"@type\":\"WebPage\",\"@id\":\"https:\\\/\\\/opalsymphony.com\\\/en\\\/store\\\/brilliant-koroit-opal-brisbane-necklace\\\/\",\"url\":\"https:\\\/\\\/opalsymphony.com\\\/en\\\/store\\\/brilliant-koroit-opal-brisbane-necklace\\\/\",\"name\":\"Brilliant Koroit opal Brisbane necklace - Opal SYMPHONY\",\"isPartOf\":{\"@id\":\"https:\\\/\\\/opalsymphony.com\\\/en\\\/#website\"},\"primaryImageOfPage\":{\"@id\":\"https:\\\/\\\/opalsymphony.com\\\/en\\\/store\\\/brilliant-koroit-opal-brisbane-necklace\\\/#primaryimage\"},\"image\":{\"@id\":\"https:\\\/\\\/opalsymphony.com\\\/en\\\/store\\\/brilliant-koroit-opal-brisbane-necklace\\\/#primaryimage\"},\"thumbnailUrl\":\"https:\\\/\\\/opalsymphony.com\\\/wp-content\\\/uploads\\\/2024\\\/10\\\/jacinta_DSC5925rect2-KOR10-004-Oman.png\",\"datePublished\":\"2024-10-09T15:14:07+00:00\",\"breadcrumb\":{\"@id\":\"https:\\\/\\\/opalsymphony.com\\\/en\\\/store\\\/brilliant-koroit-opal-brisbane-necklace\\\/#breadcrumb\"},\"inLanguage\":\"en-US\",\"potentialAction\":[{\"@type\":\"ReadAction\",\"target\":[\"https:\\\/\\\/opalsymphony.com\\\/en\\\/store\\\/brilliant-koroit-opal-brisbane-necklace\\\/\"]}]},{\"@type\":\"ImageObject\",\"inLanguage\":\"en-US\",\"@id\":\"https:\\\/\\\/opalsymphony.com\\\/en\\\/store\\\/brilliant-koroit-opal-brisbane-necklace\\\/#primaryimage\",\"url\":\"https:\\\/\\\/opalsymphony.com\\\/wp-content\\\/uploads\\\/2024\\\/10\\\/jacinta_DSC5925rect2-KOR10-004-Oman.png\",\"contentUrl\":\"https:\\\/\\\/opalsymphony.com\\\/wp-content\\\/uploads\\\/2024\\\/10\\\/jacinta_DSC5925rect2-KOR10-004-Oman.png\",\"width\":1200,\"height\":1500,\"caption\":\"KOR10-004BJ\"},{\"@type\":\"BreadcrumbList\",\"@id\":\"https:\\\/\\\/opalsymphony.com\\\/en\\\/store\\\/brilliant-koroit-opal-brisbane-necklace\\\/#breadcrumb\",\"itemListElement\":[{\"@type\":\"ListItem\",\"position\":1,\"name\":\"Home\",\"item\":\"https:\\\/\\\/opalsymphony.com\\\/en\\\/home\\\/\"},{\"@type\":\"ListItem\",\"position\":2,\"name\":\"Store\",\"item\":\"https:\\\/\\\/opalsymphony.com\\\/boutique\\\/\"},{\"@type\":\"ListItem\",\"position\":3,\"name\":\"Brilliant Koroit opal Brisbane necklace\"}]},{\"@type\":\"WebSite\",\"@id\":\"https:\\\/\\\/opalsymphony.com\\\/en\\\/#website\",\"url\":\"https:\\\/\\\/opalsymphony.com\\\/en\\\/\",\"name\":\"Opal SYMPHONY\",\"description\":\"Vente d\u2019Opales taill\u00e9es \u00e0 la main\",\"publisher\":{\"@id\":\"https:\\\/\\\/opalsymphony.com\\\/en\\\/#organization\"},\"potentialAction\":[{\"@type\":\"SearchAction\",\"target\":{\"@type\":\"EntryPoint\",\"urlTemplate\":\"https:\\\/\\\/opalsymphony.com\\\/en\\\/?s={search_term_string}\"},\"query-input\":{\"@type\":\"PropertyValueSpecification\",\"valueRequired\":true,\"valueName\":\"search_term_string\"}}],\"inLanguage\":\"en-US\"},{\"@type\":\"Organization\",\"@id\":\"https:\\\/\\\/opalsymphony.com\\\/en\\\/#organization\",\"name\":\"Opal SYMPHONY\",\"url\":\"https:\\\/\\\/opalsymphony.com\\\/en\\\/\",\"logo\":{\"@type\":\"ImageObject\",\"inLanguage\":\"en-US\",\"@id\":\"https:\\\/\\\/opalsymphony.com\\\/en\\\/#\\\/schema\\\/logo\\\/image\\\/\",\"url\":\"https:\\\/\\\/opalsymphony.com\\\/wp-content\\\/uploads\\\/2023\\\/06\\\/logo-test3-fond-transparent.png\",\"contentUrl\":\"https:\\\/\\\/opalsymphony.com\\\/wp-content\\\/uploads\\\/2023\\\/06\\\/logo-test3-fond-transparent.png\",\"width\":1231,\"height\":693,\"caption\":\"Opal SYMPHONY\"},\"image\":{\"@id\":\"https:\\\/\\\/opalsymphony.com\\\/en\\\/#\\\/schema\\\/logo\\\/image\\\/\"}}]}<\/script>\n<!-- \/ Yoast SEO plugin. -->","yoast_head_json":{"title":"Brilliant Koroit opal Brisbane necklace - Opal SYMPHONY","robots":{"index":"index","follow":"follow","max-snippet":"max-snippet:-1","max-image-preview":"max-image-preview:large","max-video-preview":"max-video-preview:-1"},"canonical":"https:\/\/opalsymphony.com\/en\/store\/brilliant-koroit-opal-brisbane-necklace\/","og_locale":"en_US","og_type":"article","og_title":"Brilliant Koroit opal Brisbane necklace - Opal SYMPHONY","og_description":"Natural Australian Koroit opal cabochon (14.7cts). Iridescent blue on a caramel matrix with lemon-yellow interlacing, it is set in a peyote weave with Miyuki D\u00e9licas glass beads, seed beads and round Turquoise beads. Rope link chain, b\u00e9li\u00e8re and clasp in 14k gold filled (rolled gold 585\/1000). Necklace length 413 mm.","og_url":"https:\/\/opalsymphony.com\/en\/store\/brilliant-koroit-opal-brisbane-necklace\/","og_site_name":"Opal SYMPHONY","og_image":[{"width":1200,"height":1500,"url":"https:\/\/opalsymphony.com\/wp-content\/uploads\/2024\/10\/jacinta_DSC5925rect2-KOR10-004-Oman.png","type":"image\/png"}],"schema":{"@context":"https:\/\/schema.org","@graph":[{"@type":"WebPage","@id":"https:\/\/opalsymphony.com\/en\/store\/brilliant-koroit-opal-brisbane-necklace\/","url":"https:\/\/opalsymphony.com\/en\/store\/brilliant-koroit-opal-brisbane-necklace\/","name":"Brilliant Koroit opal Brisbane necklace - Opal SYMPHONY","isPartOf":{"@id":"https:\/\/opalsymphony.com\/en\/#website"},"primaryImageOfPage":{"@id":"https:\/\/opalsymphony.com\/en\/store\/brilliant-koroit-opal-brisbane-necklace\/#primaryimage"},"image":{"@id":"https:\/\/opalsymphony.com\/en\/store\/brilliant-koroit-opal-brisbane-necklace\/#primaryimage"},"thumbnailUrl":"https:\/\/opalsymphony.com\/wp-content\/uploads\/2024\/10\/jacinta_DSC5925rect2-KOR10-004-Oman.png","datePublished":"2024-10-09T15:14:07+00:00","breadcrumb":{"@id":"https:\/\/opalsymphony.com\/en\/store\/brilliant-koroit-opal-brisbane-necklace\/#breadcrumb"},"inLanguage":"en-US","potentialAction":[{"@type":"ReadAction","target":["https:\/\/opalsymphony.com\/en\/store\/brilliant-koroit-opal-brisbane-necklace\/"]}]},{"@type":"ImageObject","inLanguage":"en-US","@id":"https:\/\/opalsymphony.com\/en\/store\/brilliant-koroit-opal-brisbane-necklace\/#primaryimage","url":"https:\/\/opalsymphony.com\/wp-content\/uploads\/2024\/10\/jacinta_DSC5925rect2-KOR10-004-Oman.png","contentUrl":"https:\/\/opalsymphony.com\/wp-content\/uploads\/2024\/10\/jacinta_DSC5925rect2-KOR10-004-Oman.png","width":1200,"height":1500,"caption":"KOR10-004BJ"},{"@type":"BreadcrumbList","@id":"https:\/\/opalsymphony.com\/en\/store\/brilliant-koroit-opal-brisbane-necklace\/#breadcrumb","itemListElement":[{"@type":"ListItem","position":1,"name":"Home","item":"https:\/\/opalsymphony.com\/en\/home\/"},{"@type":"ListItem","position":2,"name":"Store","item":"https:\/\/opalsymphony.com\/boutique\/"},{"@type":"ListItem","position":3,"name":"Brilliant Koroit opal Brisbane necklace"}]},{"@type":"WebSite","@id":"https:\/\/opalsymphony.com\/en\/#website","url":"https:\/\/opalsymphony.com\/en\/","name":"Opal SYMPHONY","description":"Vente d\u2019Opales taill\u00e9es \u00e0 la main","publisher":{"@id":"https:\/\/opalsymphony.com\/en\/#organization"},"potentialAction":[{"@type":"SearchAction","target":{"@type":"EntryPoint","urlTemplate":"https:\/\/opalsymphony.com\/en\/?s={search_term_string}"},"query-input":{"@type":"PropertyValueSpecification","valueRequired":true,"valueName":"search_term_string"}}],"inLanguage":"en-US"},{"@type":"Organization","@id":"https:\/\/opalsymphony.com\/en\/#organization","name":"Opal SYMPHONY","url":"https:\/\/opalsymphony.com\/en\/","logo":{"@type":"ImageObject","inLanguage":"en-US","@id":"https:\/\/opalsymphony.com\/en\/#\/schema\/logo\/image\/","url":"https:\/\/opalsymphony.com\/wp-content\/uploads\/2023\/06\/logo-test3-fond-transparent.png","contentUrl":"https:\/\/opalsymphony.com\/wp-content\/uploads\/2023\/06\/logo-test3-fond-transparent.png","width":1231,"height":693,"caption":"Opal SYMPHONY"},"image":{"@id":"https:\/\/opalsymphony.com\/en\/#\/schema\/logo\/image\/"}}]}},"_links":{"self":[{"href":"https:\/\/opalsymphony.com\/en\/wp-json\/wp\/v2\/product\/8140","targetHints":{"allow":["GET"]}}],"collection":[{"href":"https:\/\/opalsymphony.com\/en\/wp-json\/wp\/v2\/product"}],"about":[{"href":"https:\/\/opalsymphony.com\/en\/wp-json\/wp\/v2\/types\/product"}],"wp:featuredmedia":[{"embeddable":true,"href":"https:\/\/opalsymphony.com\/en\/wp-json\/wp\/v2\/media\/8104"}],"wp:attachment":[{"href":"https:\/\/opalsymphony.com\/en\/wp-json\/wp\/v2\/media?parent=8140"}],"wp:term":[{"taxonomy":"product_brand","embeddable":true,"href":"https:\/\/opalsymphony.com\/en\/wp-json\/wp\/v2\/product_brand?post=8140"},{"taxonomy":"product_cat","embeddable":true,"href":"https:\/\/opalsymphony.com\/en\/wp-json\/wp\/v2\/product_cat?post=8140"},{"taxonomy":"product_tag","embeddable":true,"href":"https:\/\/opalsymphony.com\/en\/wp-json\/wp\/v2\/product_tag?post=8140"}],"curies":[{"name":"wp","href":"https:\/\/api.w.org\/{rel}","templated":true}]}}